{"id":702,"date":"2026-02-10T20:28:26","date_gmt":"2026-02-10T23:28:26","guid":{"rendered":"https:\/\/seminarioredes.com\/2026\/?page_id=702"},"modified":"2026-03-03T21:59:21","modified_gmt":"2026-03-04T00:59:21","slug":"inscricoes","status":"publish","type":"page","link":"https:\/\/seminarioredes.com\/2026\/inscricoes\/","title":{"rendered":"Inscri\u00e7\u00f5es"},"content":{"rendered":"\t\t<div data-elementor-type=\"wp-page\" data-elementor-id=\"702\" class=\"elementor elementor-702\" data-elementor-post-type=\"page\">\n\t\t\t\t\t\t<section class=\"elementor-section elementor-top-section elementor-element elementor-element-a72c564 elementor-section-content-middle elementor-section-boxed elementor-section-height-default elementor-section-height-default\" data-id=\"a72c564\" data-element_type=\"section\" data-e-type=\"section\" data-settings=\"{&quot;background_background&quot;:&quot;gradient&quot;}\">\n\t\t\t\t\t\t\t<div class=\"elementor-background-overlay\"><\/div>\n\t\t\t\t\t\t\t<div class=\"elementor-container elementor-column-gap-default\">\n\t\t\t\t\t<div class=\"elementor-column elementor-col-100 elementor-top-column elementor-element elementor-element-3fe2e54\" data-id=\"3fe2e54\" data-element_type=\"column\" data-e-type=\"column\">\n\t\t\t<div class=\"elementor-widget-wrap elementor-element-populated\">\n\t\t\t\t\t\t<div class=\"elementor-element elementor-element-15bb95f elementor-widget elementor-widget-heading\" data-id=\"15bb95f\" data-element_type=\"widget\" data-e-type=\"widget\" data-widget_type=\"heading.default\">\n\t\t\t\t<div class=\"elementor-widget-container\">\n\t\t\t\t\t<h2 class=\"elementor-heading-title elementor-size-default\">Inscri\u00e7\u00f5es<\/h2>\t\t\t\t<\/div>\n\t\t\t\t<\/div>\n\t\t\t\t\t<\/div>\n\t\t<\/div>\n\t\t\t\t\t<\/div>\n\t\t<\/section>\n\t\t\t\t<section class=\"elementor-section elementor-top-section elementor-element elementor-element-34dea2e elementor-section-boxed elementor-section-height-default elementor-section-height-default\" data-id=\"34dea2e\" data-element_type=\"section\" data-e-type=\"section\" data-settings=\"{&quot;background_background&quot;:&quot;classic&quot;}\">\n\t\t\t\t\t\t<div class=\"elementor-container elementor-column-gap-default\">\n\t\t\t\t\t<div class=\"elementor-column elementor-col-100 elementor-top-column elementor-element elementor-element-509e08f\" data-id=\"509e08f\" data-element_type=\"column\" data-e-type=\"column\" data-settings=\"{&quot;background_background&quot;:&quot;classic&quot;}\">\n\t\t\t<div class=\"elementor-widget-wrap elementor-element-populated\">\n\t\t\t\t\t\t<div class=\"elementor-element elementor-element-c6c03dd elementor-widget elementor-widget-heading\" data-id=\"c6c03dd\" data-element_type=\"widget\" data-e-type=\"widget\" data-widget_type=\"heading.default\">\n\t\t\t\t<div class=\"elementor-widget-container\">\n\t\t\t\t\t<h2 class=\"elementor-heading-title elementor-size-default\">Clique aBAIXO para se inscrever\n<\/h2>\t\t\t\t<\/div>\n\t\t\t\t<\/div>\n\t\t\t\t<div class=\"elementor-element elementor-element-c180239 elementor-widget elementor-widget-button\" data-id=\"c180239\" data-element_type=\"widget\" data-e-type=\"widget\" data-widget_type=\"button.default\">\n\t\t\t\t<div class=\"elementor-widget-container\">\n\t\t\t\t\t\t\t\t\t<div class=\"elementor-button-wrapper\">\n\t\t\t\t\t<a class=\"elementor-button elementor-button-link elementor-size-sm\" href=\"https:\/\/www.even3.com.br\/seminarioredes2026-688263\/\" target=\"_blank\">\n\t\t\t\t\t\t<span class=\"elementor-button-content-wrapper\">\n\t\t\t\t\t\t\t\t\t<span class=\"elementor-button-text\">Inscreva-se<\/span>\n\t\t\t\t\t<\/span>\n\t\t\t\t\t<\/a>\n\t\t\t\t<\/div>\n\t\t\t\t\t\t\t\t<\/div>\n\t\t\t\t<\/div>\n\t\t\t\t<div class=\"elementor-element elementor-element-c00b4ee elementor-widget-divider--view-line elementor-widget elementor-widget-divider\" data-id=\"c00b4ee\" data-element_type=\"widget\" data-e-type=\"widget\" data-widget_type=\"divider.default\">\n\t\t\t\t<div class=\"elementor-widget-container\">\n\t\t\t\t\t\t\t<div class=\"elementor-divider\">\n\t\t\t<span class=\"elementor-divider-separator\">\n\t\t\t\t\t\t<\/span>\n\t\t<\/div>\n\t\t\t\t\t\t<\/div>\n\t\t\t\t<\/div>\n\t\t\t\t<div class=\"elementor-element elementor-element-d3fa3c6 elementor-widget elementor-widget-heading\" data-id=\"d3fa3c6\" data-element_type=\"widget\" data-e-type=\"widget\" data-widget_type=\"heading.default\">\n\t\t\t\t<div class=\"elementor-widget-container\">\n\t\t\t\t\t<h2 class=\"elementor-heading-title elementor-size-default\">TAXAS DE INSCRI\u00c7\u00d5ES<\/h2>\t\t\t\t<\/div>\n\t\t\t\t<\/div>\n\t\t\t\t<div class=\"elementor-element elementor-element-f96636b elementor-widget elementor-widget-heading\" data-id=\"f96636b\" data-element_type=\"widget\" data-e-type=\"widget\" data-widget_type=\"heading.default\">\n\t\t\t\t<div class=\"elementor-widget-container\">\n\t\t\t\t\t<h3 class=\"elementor-heading-title elementor-size-default\">Alunos de Gradua\u00e7\u00e3o\n<\/h3>\t\t\t\t<\/div>\n\t\t\t\t<\/div>\n\t\t\t\t<div class=\"elementor-element elementor-element-aad99ec elementor-widget elementor-widget-text-editor\" data-id=\"aad99ec\" data-element_type=\"widget\" data-e-type=\"widget\" data-widget_type=\"text-editor.default\">\n\t\t\t\t<div class=\"elementor-widget-container\">\n\t\t\t\t\t\t\t\t\t<p>At\u00e9 31 de mar\u00e7o: R$ 50,00<br \/>De 1 a 30 de abril: R$ 75,00 <br \/>Ap\u00f3s 30 de abril: R$ 100,00<\/p>\t\t\t\t\t\t\t\t<\/div>\n\t\t\t\t<\/div>\n\t\t\t\t<div class=\"elementor-element elementor-element-bdf63aa elementor-widget elementor-widget-heading\" data-id=\"bdf63aa\" data-element_type=\"widget\" data-e-type=\"widget\" data-widget_type=\"heading.default\">\n\t\t\t\t<div class=\"elementor-widget-container\">\n\t\t\t\t\t<h3 class=\"elementor-heading-title elementor-size-default\">Alunos de P\u00f3s-Gradua\u00e7\u00e3o\n<\/h3>\t\t\t\t<\/div>\n\t\t\t\t<\/div>\n\t\t\t\t<div class=\"elementor-element elementor-element-734b28b elementor-widget elementor-widget-text-editor\" data-id=\"734b28b\" data-element_type=\"widget\" data-e-type=\"widget\" data-widget_type=\"text-editor.default\">\n\t\t\t\t<div class=\"elementor-widget-container\">\n\t\t\t\t\t\t\t\t\t<p><br \/>At\u00e9 31 de mar\u00e7o: R$ 70,00<br \/>De 1 a 30 de abril: R$ 105,00 <br \/>Ap\u00f3s 30 de abril: R$ 140,00<\/p>\t\t\t\t\t\t\t\t<\/div>\n\t\t\t\t<\/div>\n\t\t\t\t<div class=\"elementor-element elementor-element-db08d3e elementor-widget elementor-widget-heading\" data-id=\"db08d3e\" data-element_type=\"widget\" data-e-type=\"widget\" data-widget_type=\"heading.default\">\n\t\t\t\t<div class=\"elementor-widget-container\">\n\t\t\t\t\t<h3 class=\"elementor-heading-title elementor-size-default\">Professores da Educa\u00e7\u00e3o B\u00e1sica\n<\/h3>\t\t\t\t<\/div>\n\t\t\t\t<\/div>\n\t\t\t\t<div class=\"elementor-element elementor-element-f2d1a51 elementor-widget elementor-widget-text-editor\" data-id=\"f2d1a51\" data-element_type=\"widget\" data-e-type=\"widget\" data-widget_type=\"text-editor.default\">\n\t\t\t\t<div class=\"elementor-widget-container\">\n\t\t\t\t\t\t\t\t\t<p>At\u00e9 31 de mar\u00e7o: R$ 80,00<br \/>De 1 a 30 de abril: R$ 120,00 <br \/>Ap\u00f3s 30 de abril: R$ 160,00<\/p>\t\t\t\t\t\t\t\t<\/div>\n\t\t\t\t<\/div>\n\t\t\t\t<div class=\"elementor-element elementor-element-b5ffd50 elementor-widget elementor-widget-heading\" data-id=\"b5ffd50\" data-element_type=\"widget\" data-e-type=\"widget\" data-widget_type=\"heading.default\">\n\t\t\t\t<div class=\"elementor-widget-container\">\n\t\t\t\t\t<h3 class=\"elementor-heading-title elementor-size-default\">Professores da P\u00f3s-Gradua\u00e7\u00e3o\n<\/h3>\t\t\t\t<\/div>\n\t\t\t\t<\/div>\n\t\t\t\t<div class=\"elementor-element elementor-element-7c4d6d8 elementor-widget elementor-widget-text-editor\" data-id=\"7c4d6d8\" data-element_type=\"widget\" data-e-type=\"widget\" data-widget_type=\"text-editor.default\">\n\t\t\t\t<div class=\"elementor-widget-container\">\n\t\t\t\t\t\t\t\t\t<p>At\u00e9 31 de mar\u00e7o: R$ 100,00<br \/>De 1 a 30 de abril: R$ 150,00 <br \/>Ap\u00f3s 30 de abril: R$ 200,00<\/p>\t\t\t\t\t\t\t\t<\/div>\n\t\t\t\t<\/div>\n\t\t\t\t<div class=\"elementor-element elementor-element-112a47b elementor-widget elementor-widget-image\" data-id=\"112a47b\" data-element_type=\"widget\" data-e-type=\"widget\" data-widget_type=\"image.default\">\n\t\t\t\t<div class=\"elementor-widget-container\">\n\t\t\t\t\t\t\t\t\t\t\t\t\t\t\t<img fetchpriority=\"high\" decoding=\"async\" width=\"800\" height=\"861\" src=\"https:\/\/seminarioredes.com\/2026\/wp-content\/uploads\/sites\/3\/2026\/02\/ico-seminario-de-redes-1-952x1024.png\" class=\"attachment-large size-large wp-image-515\" alt=\"\" srcset=\"https:\/\/seminarioredes.com\/2026\/wp-content\/uploads\/sites\/3\/2026\/02\/ico-seminario-de-redes-1-952x1024.png 952w, https:\/\/seminarioredes.com\/2026\/wp-content\/uploads\/sites\/3\/2026\/02\/ico-seminario-de-redes-1-279x300.png 279w, https:\/\/seminarioredes.com\/2026\/wp-content\/uploads\/sites\/3\/2026\/02\/ico-seminario-de-redes-1-768x826.png 768w, https:\/\/seminarioredes.com\/2026\/wp-content\/uploads\/sites\/3\/2026\/02\/ico-seminario-de-redes-1.png 1330w\" sizes=\"(max-width: 800px) 100vw, 800px\" \/>\t\t\t\t\t\t\t\t\t\t\t\t\t\t\t<\/div>\n\t\t\t\t<\/div>\n\t\t\t\t\t<\/div>\n\t\t<\/div>\n\t\t\t\t\t<\/div>\n\t\t<\/section>\n\t\t\t\t<\/div>\n\t\t","protected":false},"excerpt":{"rendered":"<p>Clique aBAIXO para se inscrever Inscreva-se TAXAS DE INSCRI\u00c7\u00d5ES Alunos de Gradua\u00e7\u00e3o At\u00e9 31 de mar\u00e7o: R$ 50,00De 1 a 30 de abril: R$ 75,00 Ap\u00f3s 30 de abril: R$ 100,00 Alunos de P\u00f3s-Gradua\u00e7\u00e3o At\u00e9 31 de mar\u00e7o: R$ 70,00De 1 a 30 de abril: R$ 105,00 Ap\u00f3s 30 de abril: R$ 140,00 Professores da [&hellip;]<\/p>\n","protected":false},"author":1,"featured_media":0,"parent":0,"menu_order":0,"comment_status":"closed","ping_status":"closed","template":"elementor_header_footer","meta":{"footnotes":""},"class_list":["post-702","page","type-page","status-publish","hentry"],"_links":{"self":[{"href":"https:\/\/seminarioredes.com\/2026\/wp-json\/wp\/v2\/pages\/702","targetHints":{"allow":["GET"]}}],"collection":[{"href":"https:\/\/seminarioredes.com\/2026\/wp-json\/wp\/v2\/pages"}],"about":[{"href":"https:\/\/seminarioredes.com\/2026\/wp-json\/wp\/v2\/types\/page"}],"author":[{"embeddable":true,"href":"https:\/\/seminarioredes.com\/2026\/wp-json\/wp\/v2\/users\/1"}],"replies":[{"embeddable":true,"href":"https:\/\/seminarioredes.com\/2026\/wp-json\/wp\/v2\/comments?post=702"}],"version-history":[{"count":40,"href":"https:\/\/seminarioredes.com\/2026\/wp-json\/wp\/v2\/pages\/702\/revisions"}],"predecessor-version":[{"id":784,"href":"https:\/\/seminarioredes.com\/2026\/wp-json\/wp\/v2\/pages\/702\/revisions\/784"}],"wp:attachment":[{"href":"https:\/\/seminarioredes.com\/2026\/wp-json\/wp\/v2\/media?parent=702"}],"curies":[{"name":"wp","href":"https:\/\/api.w.org\/{rel}","templated":true}]}}