{"id":804,"date":"2026-03-31T16:01:37","date_gmt":"2026-03-31T19:01:37","guid":{"rendered":"https:\/\/seminarioredes.com\/2026\/?page_id=804"},"modified":"2026-03-31T16:02:31","modified_gmt":"2026-03-31T19:02:31","slug":"cronograma","status":"publish","type":"page","link":"https:\/\/seminarioredes.com\/2026\/cronograma\/","title":{"rendered":"Cronograma"},"content":{"rendered":"\t\t<div data-elementor-type=\"wp-page\" data-elementor-id=\"804\" class=\"elementor elementor-804\" data-elementor-post-type=\"page\">\n\t\t\t\t\t\t<section class=\"elementor-section elementor-top-section elementor-element elementor-element-a9fdf66 elementor-section-content-middle elementor-section-boxed elementor-section-height-default elementor-section-height-default\" data-id=\"a9fdf66\" data-element_type=\"section\" data-e-type=\"section\" data-settings=\"{&quot;background_background&quot;:&quot;gradient&quot;}\">\n\t\t\t\t\t\t\t<div class=\"elementor-background-overlay\"><\/div>\n\t\t\t\t\t\t\t<div class=\"elementor-container elementor-column-gap-default\">\n\t\t\t\t\t<div class=\"elementor-column elementor-col-100 elementor-top-column elementor-element elementor-element-218a1d2\" data-id=\"218a1d2\" data-element_type=\"column\" data-e-type=\"column\">\n\t\t\t<div class=\"elementor-widget-wrap elementor-element-populated\">\n\t\t\t\t\t\t<div class=\"elementor-element elementor-element-d20ec84 elementor-widget elementor-widget-heading\" data-id=\"d20ec84\" data-element_type=\"widget\" data-e-type=\"widget\" data-widget_type=\"heading.default\">\n\t\t\t\t<div class=\"elementor-widget-container\">\n\t\t\t\t\t<h2 class=\"elementor-heading-title elementor-size-default\">Cronograma<\/h2>\t\t\t\t<\/div>\n\t\t\t\t<\/div>\n\t\t\t\t\t<\/div>\n\t\t<\/div>\n\t\t\t\t\t<\/div>\n\t\t<\/section>\n\t\t\t\t<section class=\"elementor-section elementor-top-section elementor-element elementor-element-34dea2e elementor-section-boxed elementor-section-height-default elementor-section-height-default\" data-id=\"34dea2e\" data-element_type=\"section\" data-e-type=\"section\">\n\t\t\t\t\t\t\t<div class=\"elementor-background-overlay\"><\/div>\n\t\t\t\t\t\t\t<div class=\"elementor-container elementor-column-gap-default\">\n\t\t\t\t\t<div class=\"elementor-column elementor-col-100 elementor-top-column elementor-element elementor-element-509e08f\" data-id=\"509e08f\" data-element_type=\"column\" data-e-type=\"column\" data-settings=\"{&quot;background_background&quot;:&quot;classic&quot;}\">\n\t\t\t<div class=\"elementor-widget-wrap elementor-element-populated\">\n\t\t\t\t\t\t<div class=\"elementor-element elementor-element-63b2c8a elementor-widget elementor-widget-heading\" data-id=\"63b2c8a\" data-element_type=\"widget\" data-e-type=\"widget\" data-widget_type=\"heading.default\">\n\t\t\t\t<div class=\"elementor-widget-container\">\n\t\t\t\t\t<h2 class=\"elementor-heading-title elementor-size-default\">Cronograma das Comunica\u00e7\u00f5es<\/h2>\t\t\t\t<\/div>\n\t\t\t\t<\/div>\n\t\t\t\t<div class=\"elementor-element elementor-element-67e098c elementor-widget elementor-widget-text-editor\" data-id=\"67e098c\" data-element_type=\"widget\" data-e-type=\"widget\" data-widget_type=\"text-editor.default\">\n\t\t\t\t<div class=\"elementor-widget-container\">\n\t\t\t\t\t\t\t\t\t<p><strong>Submiss\u00e3o de trabalhos prorrogadas at\u00e9<\/strong><\/p><p>07 de abril (at\u00e9 23:59 do dia 07\/04\/2026)\u00a0\u00a0\u00a0\u00a0\u00a0\u00a0\u00a0 \u00a0\u00a0\u00a0\u00a0\u00a0\u00a0\u00a0\u00a0<\/p><p><strong>Aprecia\u00e7\u00e3o do Comit\u00ea Cient\u00edfico<\/strong><\/p><p>7 a 17 de abril<\/p><p><strong>Divulga\u00e7\u00e3o das avalia\u00e7\u00f5es<\/strong><\/p><p>20 de abril<\/p><p><strong>Per\u00edodo para recursos<\/strong><\/p><p>20 a 22 de abril (at\u00e9 23:59 do dia 22\/04\/2026)\u00a0\u00a0\u00a0\u00a0\u00a0\u00a0\u00a0\u00a0\u00a0\u00a0\u00a0 \u00a0\u00a0\u00a0\u00a0\u00a0\u00a0\u00a0\u00a0<\/p><p><strong>Julgamento dos Recursos<\/strong><\/p><p>23 a 24 de abril<\/p><p><strong>Resultado das avalia\u00e7\u00f5es dos recursos<\/strong><\/p><p>25 de abril<\/p><p><strong>Divulga\u00e7\u00e3o do resultado final e da programa\u00e7\u00e3o com as submiss\u00f5es aprovadas<\/strong><\/p><p>30 de abril<\/p>\t\t\t\t\t\t\t\t<\/div>\n\t\t\t\t<\/div>\n\t\t\t\t\t<\/div>\n\t\t<\/div>\n\t\t\t\t\t<\/div>\n\t\t<\/section>\n\t\t\t\t<\/div>\n\t\t","protected":false},"excerpt":{"rendered":"<p>Cronograma das Comunica\u00e7\u00f5es Submiss\u00e3o de trabalhos prorrogadas at\u00e9 07 de abril (at\u00e9 23:59 do dia 07\/04\/2026)\u00a0\u00a0\u00a0\u00a0\u00a0\u00a0\u00a0 \u00a0\u00a0\u00a0\u00a0\u00a0\u00a0\u00a0\u00a0 Aprecia\u00e7\u00e3o do Comit\u00ea Cient\u00edfico 7 a 17 de abril Divulga\u00e7\u00e3o das avalia\u00e7\u00f5es 20 de abril Per\u00edodo para recursos 20 a 22 de abril (at\u00e9 23:59 do dia 22\/04\/2026)\u00a0\u00a0\u00a0\u00a0\u00a0\u00a0\u00a0\u00a0\u00a0\u00a0\u00a0 \u00a0\u00a0\u00a0\u00a0\u00a0\u00a0\u00a0\u00a0 Julgamento dos Recursos 23 a 24 de abril Resultado [&hellip;]<\/p>\n","protected":false},"author":1,"featured_media":0,"parent":0,"menu_order":0,"comment_status":"closed","ping_status":"closed","template":"elementor_header_footer","meta":{"footnotes":""},"class_list":["post-804","page","type-page","status-publish","hentry"],"_links":{"self":[{"href":"https:\/\/seminarioredes.com\/2026\/wp-json\/wp\/v2\/pages\/804","targetHints":{"allow":["GET"]}}],"collection":[{"href":"https:\/\/seminarioredes.com\/2026\/wp-json\/wp\/v2\/pages"}],"about":[{"href":"https:\/\/seminarioredes.com\/2026\/wp-json\/wp\/v2\/types\/page"}],"author":[{"embeddable":true,"href":"https:\/\/seminarioredes.com\/2026\/wp-json\/wp\/v2\/users\/1"}],"replies":[{"embeddable":true,"href":"https:\/\/seminarioredes.com\/2026\/wp-json\/wp\/v2\/comments?post=804"}],"version-history":[{"count":8,"href":"https:\/\/seminarioredes.com\/2026\/wp-json\/wp\/v2\/pages\/804\/revisions"}],"predecessor-version":[{"id":927,"href":"https:\/\/seminarioredes.com\/2026\/wp-json\/wp\/v2\/pages\/804\/revisions\/927"}],"wp:attachment":[{"href":"https:\/\/seminarioredes.com\/2026\/wp-json\/wp\/v2\/media?parent=804"}],"curies":[{"name":"wp","href":"https:\/\/api.w.org\/{rel}","templated":true}]}}