{"id":849,"date":"2026-04-17T09:47:02","date_gmt":"2026-04-17T12:47:02","guid":{"rendered":"https:\/\/seminarioredes.com\/2026\/?page_id=849"},"modified":"2026-04-27T11:14:12","modified_gmt":"2026-04-27T14:14:12","slug":"chamada","status":"publish","type":"page","link":"https:\/\/seminarioredes.com\/2026\/chamada\/","title":{"rendered":"Chamada"},"content":{"rendered":"\t\t<div data-elementor-type=\"wp-page\" data-elementor-id=\"849\" class=\"elementor elementor-849\" data-elementor-post-type=\"page\">\n\t\t\t\t\t\t<section class=\"elementor-section elementor-top-section elementor-element elementor-element-a9fdf66 elementor-section-content-middle elementor-section-boxed elementor-section-height-default elementor-section-height-default\" data-id=\"a9fdf66\" data-element_type=\"section\" data-e-type=\"section\" data-settings=\"{&quot;background_background&quot;:&quot;gradient&quot;}\">\n\t\t\t\t\t\t\t<div class=\"elementor-background-overlay\"><\/div>\n\t\t\t\t\t\t\t<div class=\"elementor-container elementor-column-gap-default\">\n\t\t\t\t\t<div class=\"elementor-column elementor-col-100 elementor-top-column elementor-element elementor-element-218a1d2\" data-id=\"218a1d2\" data-element_type=\"column\" data-e-type=\"column\">\n\t\t\t<div class=\"elementor-widget-wrap elementor-element-populated\">\n\t\t\t\t\t\t<div class=\"elementor-element elementor-element-d20ec84 elementor-widget elementor-widget-heading\" data-id=\"d20ec84\" data-element_type=\"widget\" data-e-type=\"widget\" data-widget_type=\"heading.default\">\n\t\t\t\t<div class=\"elementor-widget-container\">\n\t\t\t\t\t<h2 class=\"elementor-heading-title elementor-size-default\">Chamada<\/h2>\t\t\t\t<\/div>\n\t\t\t\t<\/div>\n\t\t\t\t\t<\/div>\n\t\t<\/div>\n\t\t\t\t\t<\/div>\n\t\t<\/section>\n\t\t\t\t<section class=\"elementor-section elementor-top-section elementor-element elementor-element-34dea2e elementor-section-boxed elementor-section-height-default elementor-section-height-default\" data-id=\"34dea2e\" data-element_type=\"section\" data-e-type=\"section\">\n\t\t\t\t\t\t\t<div class=\"elementor-background-overlay\"><\/div>\n\t\t\t\t\t\t\t<div class=\"elementor-container elementor-column-gap-default\">\n\t\t\t\t\t<div class=\"elementor-column elementor-col-100 elementor-top-column elementor-element elementor-element-509e08f\" data-id=\"509e08f\" data-element_type=\"column\" data-e-type=\"column\" data-settings=\"{&quot;background_background&quot;:&quot;classic&quot;}\">\n\t\t\t<div class=\"elementor-widget-wrap elementor-element-populated\">\n\t\t\t\t\t\t<div class=\"elementor-element elementor-element-67e098c elementor-widget elementor-widget-text-editor\" data-id=\"67e098c\" data-element_type=\"widget\" data-e-type=\"widget\" data-widget_type=\"text-editor.default\">\n\t\t\t\t<div class=\"elementor-widget-container\">\n\t\t\t\t\t\t\t\t\t<p style=\"text-align: center;\"><strong>CHAMADA PARA SUBMISS\u00c3O DE PROPOSTAS DE LAN\u00c7AMENTO DE LIVROS<\/strong><\/p><p><span style=\"font-weight: 400;\">Poder\u00e3o ser submetidos livros para lan\u00e7amento no XIII Semin\u00e1rio Internacional As Redes Educativas e as Tecnologias que contenham pelo menos um(a) do(as) autor(es\/as) e\/ou organizador(es\/as) regularmente inscritos(as) no evento no per\u00edodo de 24 de abril a 04 de maio de 2026, exclusivamente por meio de formul\u00e1rio eletr\u00f4nico.<\/span><\/p><p><span style=\"font-weight: 400;\">A proposta dever\u00e1 ser elaborada conforme formul\u00e1rio\u00a0<\/span><\/p><p><strong><a href=\"https:\/\/docs.google.com\/forms\/d\/e\/1FAIpQLScDep-U2YBoWKeVcRytoqdoHjIKD8QGYGyKTZiFPcfhM3Db_w\/viewform?usp=publish-editor\" target=\"_blank\" rel=\"noopener\">https:\/\/docs.google.com\/forms\/d\/e\/1FAIpQLScDep-U2YBoWKeVcRytoqdoHjIKD8QGYGyKTZiFPcfhM3Db_w\/viewform?usp=publish-editor<\/a><\/strong><\/p><p><span style=\"font-weight: 400;\">Ser\u00e3o aceitas apenas obras publicadas entre os anos de 2024 e 2026.<\/span><\/p><p><span style=\"font-weight: 400;\">A aprova\u00e7\u00e3o da proposta n\u00e3o garante automaticamente a realiza\u00e7\u00e3o do lan\u00e7amento, estando condicionada \u00e0 disponibilidade de espa\u00e7o e \u00e0 programa\u00e7\u00e3o geral do evento.<\/span><\/p><p><span style=\"font-weight: 400;\">Ser\u00e3o de inteira responsabilidade das pessoas autoras e\/ou organizadoras da obra e respons\u00e1veis pela apresenta\u00e7\u00e3o da proposta de lan\u00e7amento de livros:<\/span><\/p><p><span style=\"font-weight: 400;\">I \u2013 o transporte dos livros;<\/span><\/p><p><span style=\"font-weight: 400;\">II \u2013 a disponibiliza\u00e7\u00e3o das obras no espa\u00e7o definido pela Coordena\u00e7\u00e3o;<\/span><\/p><p><span style=\"font-weight: 400;\">III \u2013 a retirada do material ao t\u00e9rmino do per\u00edodo definido pelo evento para o lan\u00e7amento;<\/span><\/p><p><span style=\"font-weight: 400;\">\u00c9 de responsabilidade do(a) proponente a guarda das obras durante o per\u00edodo do evento.<\/span><\/p><p><span style=\"font-weight: 400;\">A Coordena\u00e7\u00e3o Geral n\u00e3o se responsabilizar\u00e1 por custos de inscri\u00e7\u00e3o, passagens, hospedagens ou outros encargos relacionados \u00e0 participa\u00e7\u00e3o.<\/span><\/p><p><span style=\"font-weight: 400;\">Comiss\u00e3o de Lan\u00e7amento de livros <\/span><\/p>\t\t\t\t\t\t\t\t<\/div>\n\t\t\t\t<\/div>\n\t\t\t\t<div class=\"elementor-element elementor-element-6e57947 elementor-widget-divider--view-line elementor-widget elementor-widget-divider\" data-id=\"6e57947\" data-element_type=\"widget\" data-e-type=\"widget\" data-widget_type=\"divider.default\">\n\t\t\t\t<div class=\"elementor-widget-container\">\n\t\t\t\t\t\t\t<div class=\"elementor-divider\">\n\t\t\t<span class=\"elementor-divider-separator\">\n\t\t\t\t\t\t<\/span>\n\t\t<\/div>\n\t\t\t\t\t\t<\/div>\n\t\t\t\t<\/div>\n\t\t\t\t<div class=\"elementor-element elementor-element-eb4e4cf elementor-widget elementor-widget-text-editor\" data-id=\"eb4e4cf\" data-element_type=\"widget\" data-e-type=\"widget\" data-widget_type=\"text-editor.default\">\n\t\t\t\t<div class=\"elementor-widget-container\">\n\t\t\t\t\t\t\t\t\t<p><span style=\"font-weight: 400;\">O XIII Semin\u00e1rio Internacional \u201cAs Redes educativas e as tecnologias: 25 anos entre mem\u00f3rias e conflu\u00eancias no (im)poss\u00edvel\u201d\u00a0 seleciona monitores para o evento que acontecer\u00e1 entre os dias 01 \u00e0 3 de junho de 2026, das 8h \u00e0s 21h, presencialmente na UERJ \u2013 Campus Maracan\u00e3.\u00a0<\/span><\/p><p><span style=\"font-weight: 400;\">Per\u00edodo de inscri\u00e7\u00e3o: 15\/04\/2026 at\u00e9 15\/05\/2026<\/span><\/p><p><b>Requisitos para participa\u00e7\u00e3o :<\/b><\/p><ul><li><span style=\"font-weight: 400;\">Ser estudante da gradua\u00e7\u00e3o a partir do 2\u00ba per\u00edodo;\u00a0<\/span><\/li><li><span style=\"font-weight: 400;\"> Ter condi\u00e7\u00f5es de acesso ao Campus Maracan\u00e3 da UERJ em que ocorrer\u00e1 o evento;<\/span><\/li><li><span style=\"font-weight: 400;\"> Disponibilidade para estar presente em pelo menos um dos turnos designados para o evento (manh\u00e3, tarde e noite),\u00a0<\/span><\/li><li><span style=\"font-weight: 400;\"> Ter compromisso e participa\u00e7\u00e3o nas atividades de organiza\u00e7\u00e3o do evento nos per\u00edodos que forem pr\u00e9-estabelecidos pela comiss\u00e3o organizadora;\u00a0<\/span><\/li><li><span style=\"font-weight: 400;\">Disponibilidade para participar em at\u00e9 duas reuni\u00f5es pr\u00e9vias para sele\u00e7\u00e3o e orienta\u00e7\u00e3o, em datas e hor\u00e1rios a serem previamente informados pela comiss\u00e3o;<\/span><\/li><\/ul><p><b>Responsabilidades:<\/b><\/p><ol><li style=\"font-weight: 400;\" aria-level=\"1\"><span style=\"font-weight: 400;\">Auxiliar no credenciamento\u00a0e atendimento e inscri\u00e7\u00e3o local de participantes;<\/span><\/li><li style=\"font-weight: 400;\" aria-level=\"1\"><span style=\"font-weight: 400;\">Responder \u00e0s d\u00favidas dos participantes e encaminhar quest\u00f5es n\u00e3o resolvidas para a Secretaria;<\/span><\/li><li style=\"font-weight: 400;\" aria-level=\"1\"><span style=\"font-weight: 400;\">Acompanhar a atividade para a qual foi designado, bem como:<\/span><ol><li style=\"font-weight: 400;\" aria-level=\"2\"><span style=\"font-weight: 400;\">Verificar a sala antes do in\u00edcio da sess\u00e3o e fech\u00e1-la ap\u00f3s o t\u00e9rmino;<\/span><\/li><li style=\"font-weight: 400;\" aria-level=\"2\"><span style=\"font-weight: 400;\">Verificar objetos esquecidos pelos participantes;<\/span><\/li><li style=\"font-weight: 400;\" aria-level=\"2\"><span style=\"font-weight: 400;\">Administrar a lista de presen\u00e7a;<\/span><\/li><li style=\"font-weight: 400;\" aria-level=\"2\"><span style=\"font-weight: 400;\">Ficar atento para orientar e auxiliar os participantes no uso dos equipamentos de apoio para a apresenta\u00e7\u00e3o, caso necess\u00e1rio;<\/span><\/li><li style=\"font-weight: 400;\" aria-level=\"2\"><span style=\"font-weight: 400;\">Conferir se todos os materiais solicitados est\u00e3o prontos para o uso;<\/span><\/li><li style=\"font-weight: 400;\" aria-level=\"2\"><span style=\"font-weight: 400;\">Controlar e informar sobre os hor\u00e1rios de in\u00edcio e t\u00e9rmino de cada atividade.<\/span><\/li><\/ol><\/li><\/ol><p><b>ATEN\u00c7\u00c3O: <\/b><span style=\"font-weight: 400;\">Os monitores ser\u00e3o chamados conforme a demanda para o evento. N\u00e3o necessariamente todos os inscritos ser\u00e3o convocados para trabalhar.<\/span><\/p><p><b>Importante estar ciente :\u00a0<\/b><\/p><ul><li><span style=\"font-weight: 400;\">N\u00e3o haver\u00e1 remunera\u00e7\u00e3o financeira para os(as) Monitores(as);\u00a0<\/span><\/li><li><span style=\"font-weight: 400;\"> O (a) monitor (a) volunt\u00e1rio (a) ter\u00e1 acesso \u00e0s atividades do evento que desejar participar em outros dias e turnos distintos de sua escala de monitoria;<\/span><\/li><li><span style=\"font-weight: 400;\">O (a) monitor (a) volunt\u00e1rio (a) receber\u00e1 certificado de participa\u00e7\u00e3o como Equipe de Monitoria com carga hor\u00e1ria total de 20 horas;<\/span><\/li><li><span style=\"font-weight: 400;\"> A aus\u00eancia O (a) monitor (a) volunt\u00e1rio (a) nas atividades programadas no pr\u00e9 evento ou no evento, acarretar\u00e1 automaticamente no seu desligamento da atividade de monitoria, perdendo o direito a certifica\u00e7\u00e3o, bem como a gratuidade do evento.\u00a0\u00a0<\/span><\/li><\/ul><p><span style=\"font-weight: 400;\">Interessados devem preencher o formul\u00e1rio eletr\u00f4nico: <\/span><br \/><a href=\"https:\/\/docs.google.com\/forms\/d\/e\/1FAIpQLSf4XAiyjEoLpnYUdCk84mNeW7N6SaTqlclOjWiqvxI9S9hY6Q\/viewform\" target=\"_blank\" rel=\"noopener\"><span style=\"font-weight: 400;\"><strong>https:\/\/docs.google.com\/forms\/d\/e\/1FAIpQLSf4XAiyjEoLpnYUdCk84mNeW7N6SaTqlclOjWiqvxI9S9hY6Q\/viewform<\/strong><\/span><\/a><\/p><p><span style=\"font-weight: 400;\">D\u00favidas: <\/span><strong><a href=\"mailto:secretaria@seminarioredes.com\" target=\"_blank\" rel=\"noopener\">secretaria@seminarioredes.com<\/a><\/strong><\/p><p><i><span style=\"font-weight: 400;\">Site:<\/span><\/i> <strong><a href=\"https:\/\/seminarioredes.com\/2026\/\" target=\"_blank\" rel=\"noopener\">https:\/\/seminarioredes.com\/2026\/<\/a><\/strong><\/p><p><span style=\"font-weight: 400;\">\u00a0<\/span><b>Comiss\u00e3o Organizadora<\/b><\/p><p><b>O XIII Semin\u00e1rio Internacional \u201cAs Redes educativas e as tecnologias: 25 anos entre mem\u00f3rias e conflu\u00eancias no (im)poss\u00edvel\u201d<\/b><\/p>\t\t\t\t\t\t\t\t<\/div>\n\t\t\t\t<\/div>\n\t\t\t\t<div class=\"elementor-element elementor-element-d5666c0 elementor-widget elementor-widget-image\" data-id=\"d5666c0\" data-element_type=\"widget\" data-e-type=\"widget\" data-widget_type=\"image.default\">\n\t\t\t\t<div class=\"elementor-widget-container\">\n\t\t\t\t\t\t\t\t\t\t\t\t\t\t\t<img fetchpriority=\"high\" decoding=\"async\" width=\"512\" height=\"644\" src=\"https:\/\/seminarioredes.com\/2026\/wp-content\/uploads\/sites\/3\/2026\/04\/redes-monitores-2.png\" class=\"attachment-large size-large wp-image-858\" alt=\"\" srcset=\"https:\/\/seminarioredes.com\/2026\/wp-content\/uploads\/sites\/3\/2026\/04\/redes-monitores-2.png 512w, https:\/\/seminarioredes.com\/2026\/wp-content\/uploads\/sites\/3\/2026\/04\/redes-monitores-2-239x300.png 239w\" sizes=\"(max-width: 512px) 100vw, 512px\" \/>\t\t\t\t\t\t\t\t\t\t\t\t\t\t\t<\/div>\n\t\t\t\t<\/div>\n\t\t\t\t<div class=\"elementor-element elementor-element-1f059f3 elementor-widget-divider--view-line elementor-widget elementor-widget-divider\" data-id=\"1f059f3\" data-element_type=\"widget\" data-e-type=\"widget\" data-widget_type=\"divider.default\">\n\t\t\t\t<div class=\"elementor-widget-container\">\n\t\t\t\t\t\t\t<div class=\"elementor-divider\">\n\t\t\t<span class=\"elementor-divider-separator\">\n\t\t\t\t\t\t<\/span>\n\t\t<\/div>\n\t\t\t\t\t\t<\/div>\n\t\t\t\t<\/div>\n\t\t\t\t<div class=\"elementor-element elementor-element-323f2e4 elementor-widget elementor-widget-heading\" data-id=\"323f2e4\" data-element_type=\"widget\" data-e-type=\"widget\" data-widget_type=\"heading.default\">\n\t\t\t\t<div class=\"elementor-widget-container\">\n\t\t\t\t\t<h2 class=\"elementor-heading-title elementor-size-default\">Compartilhe:<\/h2>\t\t\t\t<\/div>\n\t\t\t\t<\/div>\n\t\t\t\t<div class=\"elementor-element elementor-element-65e7e94 elementor-share-buttons--view-icon elementor-share-buttons--shape-circle elementor-share-buttons--skin-gradient elementor-grid-0 elementor-share-buttons--color-official elementor-widget elementor-widget-share-buttons\" data-id=\"65e7e94\" data-element_type=\"widget\" data-e-type=\"widget\" data-widget_type=\"share-buttons.default\">\n\t\t\t\t<div class=\"elementor-widget-container\">\n\t\t\t\t\t\t\t<div class=\"elementor-grid\" role=\"list\">\n\t\t\t\t\t\t\t\t<div class=\"elementor-grid-item\" role=\"listitem\">\n\t\t\t\t\t\t<div class=\"elementor-share-btn elementor-share-btn_whatsapp\" role=\"button\" tabindex=\"0\" aria-label=\"Compartilhar no whatsapp\">\n\t\t\t\t\t\t\t\t\t\t\t\t\t\t\t<span class=\"elementor-share-btn__icon\">\n\t\t\t\t\t\t\t\t<i class=\"fab fa-whatsapp\" aria-hidden=\"true\"><\/i>\t\t\t\t\t\t\t<\/span>\n\t\t\t\t\t\t\t\t\t\t\t\t\t\t\t\t\t\t\t\t<\/div>\n\t\t\t\t\t<\/div>\n\t\t\t\t\t\t\t\t\t<div class=\"elementor-grid-item\" role=\"listitem\">\n\t\t\t\t\t\t<div class=\"elementor-share-btn elementor-share-btn_facebook\" role=\"button\" tabindex=\"0\" aria-label=\"Compartilhar no facebook\">\n\t\t\t\t\t\t\t\t\t\t\t\t\t\t\t<span class=\"elementor-share-btn__icon\">\n\t\t\t\t\t\t\t\t<i class=\"fab fa-facebook\" aria-hidden=\"true\"><\/i>\t\t\t\t\t\t\t<\/span>\n\t\t\t\t\t\t\t\t\t\t\t\t\t\t\t\t\t\t\t\t<\/div>\n\t\t\t\t\t<\/div>\n\t\t\t\t\t\t\t\t\t<div class=\"elementor-grid-item\" role=\"listitem\">\n\t\t\t\t\t\t<div class=\"elementor-share-btn elementor-share-btn_x-twitter\" role=\"button\" tabindex=\"0\" aria-label=\"Compartilhar no x-twitter\">\n\t\t\t\t\t\t\t\t\t\t\t\t\t\t\t<span class=\"elementor-share-btn__icon\">\n\t\t\t\t\t\t\t\t<i class=\"fab fa-x-twitter\" aria-hidden=\"true\"><\/i>\t\t\t\t\t\t\t<\/span>\n\t\t\t\t\t\t\t\t\t\t\t\t\t\t\t\t\t\t\t\t<\/div>\n\t\t\t\t\t<\/div>\n\t\t\t\t\t\t\t\t\t<div class=\"elementor-grid-item\" role=\"listitem\">\n\t\t\t\t\t\t<div class=\"elementor-share-btn elementor-share-btn_linkedin\" role=\"button\" tabindex=\"0\" aria-label=\"Compartilhar no linkedin\">\n\t\t\t\t\t\t\t\t\t\t\t\t\t\t\t<span class=\"elementor-share-btn__icon\">\n\t\t\t\t\t\t\t\t<i class=\"fab fa-linkedin\" aria-hidden=\"true\"><\/i>\t\t\t\t\t\t\t<\/span>\n\t\t\t\t\t\t\t\t\t\t\t\t\t\t\t\t\t\t\t\t<\/div>\n\t\t\t\t\t<\/div>\n\t\t\t\t\t\t<\/div>\n\t\t\t\t\t\t<\/div>\n\t\t\t\t<\/div>\n\t\t\t\t\t<\/div>\n\t\t<\/div>\n\t\t\t\t\t<\/div>\n\t\t<\/section>\n\t\t\t\t<\/div>\n\t\t","protected":false},"excerpt":{"rendered":"<p>CHAMADA PARA SUBMISS\u00c3O DE PROPOSTAS DE LAN\u00c7AMENTO DE LIVROS Poder\u00e3o ser submetidos livros para lan\u00e7amento no XIII Semin\u00e1rio Internacional As Redes Educativas e as Tecnologias que contenham pelo menos um(a) do(as) autor(es\/as) e\/ou organizador(es\/as) regularmente inscritos(as) no evento no per\u00edodo de 24 de abril a 04 de maio de 2026, exclusivamente por meio de formul\u00e1rio [&hellip;]<\/p>\n","protected":false},"author":1,"featured_media":0,"parent":0,"menu_order":0,"comment_status":"closed","ping_status":"closed","template":"elementor_header_footer","meta":{"footnotes":""},"class_list":["post-849","page","type-page","status-publish","hentry"],"_links":{"self":[{"href":"https:\/\/seminarioredes.com\/2026\/wp-json\/wp\/v2\/pages\/849","targetHints":{"allow":["GET"]}}],"collection":[{"href":"https:\/\/seminarioredes.com\/2026\/wp-json\/wp\/v2\/pages"}],"about":[{"href":"https:\/\/seminarioredes.com\/2026\/wp-json\/wp\/v2\/types\/page"}],"author":[{"embeddable":true,"href":"https:\/\/seminarioredes.com\/2026\/wp-json\/wp\/v2\/users\/1"}],"replies":[{"embeddable":true,"href":"https:\/\/seminarioredes.com\/2026\/wp-json\/wp\/v2\/comments?post=849"}],"version-history":[{"count":16,"href":"https:\/\/seminarioredes.com\/2026\/wp-json\/wp\/v2\/pages\/849\/revisions"}],"predecessor-version":[{"id":899,"href":"https:\/\/seminarioredes.com\/2026\/wp-json\/wp\/v2\/pages\/849\/revisions\/899"}],"wp:attachment":[{"href":"https:\/\/seminarioredes.com\/2026\/wp-json\/wp\/v2\/media?parent=849"}],"curies":[{"name":"wp","href":"https:\/\/api.w.org\/{rel}","templated":true}]}}